{"id":17,"date":"2018-12-07T17:13:14","date_gmt":"2018-12-07T17:13:14","guid":{"rendered":"http:\/\/polflex.eu\/?page_id=17"},"modified":"2018-12-09T18:24:47","modified_gmt":"2018-12-09T17:24:47","slug":"produkty","status":"publish","type":"page","link":"https:\/\/polflex.eu\/?page_id=17","title":{"rendered":"Produkty"},"content":{"rendered":"\n<p>Produkujemy wiele rodzaj\u00f3w \u015bciernic o spoiwie \u017cywicznym, pocz\u0105wszy od\n popularnych, sko\u0144czywszy na \u015bciernicach do zastosowa\u0144 specjalnych.<\/p>\n\n\n\n<p><strong>1. \u015aCIERNICE POLFLEX WZMOCNIONE TKANIN\u0104 Z W\u0141\u00d3KNA SZKLANEGO<\/strong>\n (spoiwo BF), przeznaczone do pracy z dopuszczaln\u0105 pr\u0119dko\u015bci\u0105 obwodow\u0105 \n80 m\/s, stanowi\u0105ce zale\u017cnie od wielko\u015bci i przeznaczenia wyposa\u017cenie \nr\u0119cznych szlifierek k\u0105towych lub przecinarek i szlifierek stacjonarnych.<\/p>\n\n\n\n<p><strong>NOWO\u015a\u0106: supercienkie \u015bciernice diamentowe 1A1R 125&#215;0,8&#215;20 \nwzmocnione tkanin\u0105 z w\u0142\u00f3kna szklanego, przeznaczone do przecinania \ntwardej ceramiki i w\u0119glik\u00f3w spiekanych.<\/strong><a class=\"\" href=\"http:\/\/polflex.com.pl\/images\/gal1\/1.jpg\"><\/a><\/p>\n\n\n\n<p><a class=\"\" href=\"http:\/\/polflex.com.pl\/images\/gal1\/2.jpg\"><\/a><\/p>\n\n\n\n<div class=\"wp-block-image\"><figure class=\"aligncenter\"><img loading=\"lazy\" decoding=\"async\" width=\"960\" height=\"600\" src=\"https:\/\/polflex.eu\/wp-content\/uploads\/2018\/12\/41BF.jpg\" alt=\"\" class=\"wp-image-49\" srcset=\"https:\/\/polflex.eu\/wp-content\/uploads\/2018\/12\/41BF.jpg 960w, https:\/\/polflex.eu\/wp-content\/uploads\/2018\/12\/41BF-300x188.jpg 300w, https:\/\/polflex.eu\/wp-content\/uploads\/2018\/12\/41BF-768x480.jpg 768w\" sizes=\"auto, (max-width: 706px) 89vw, (max-width: 767px) 82vw, 740px\" \/><\/figure><\/div>\n\n\n\n<p><a class=\"\" href=\"http:\/\/polflex.com.pl\/images\/gal1\/3.jpg\"><\/a>&nbsp; <\/p>\n\n\n\n<p>Dost\u0119pne s\u0105 r\u00f3\u017cne warianty wykonania, np.:<\/p>\n\n\n\n<p>&#8211; \u015bciernice do przecinania metalu: blach i profili cienko\u015bciennych przy pracach instalacyjnych (\u015bciernice o grubo\u015bci T = 0,8 mm do 2 mm i \u015brednicach D = 50 &#8211; 230 mm, otwory H = 22,23 mm),<\/p>\n\n\n\n<figure class=\"wp-block-image\"><img loading=\"lazy\" decoding=\"async\" width=\"960\" height=\"600\" src=\"https:\/\/polflex.eu\/wp-content\/uploads\/2018\/12\/41BF-1.jpg\" alt=\"\" class=\"wp-image-53\" srcset=\"https:\/\/polflex.eu\/wp-content\/uploads\/2018\/12\/41BF-1.jpg 960w, https:\/\/polflex.eu\/wp-content\/uploads\/2018\/12\/41BF-1-300x188.jpg 300w, https:\/\/polflex.eu\/wp-content\/uploads\/2018\/12\/41BF-1-768x480.jpg 768w\" sizes=\"auto, (max-width: 706px) 89vw, (max-width: 767px) 82vw, 740px\" \/><\/figure>\n\n\n\n<p>&#8211; \u015bciernice&nbsp;(o grubo\u015bci T = 1 mm, D = 115 i 125, otwory H = 22,23 mm)&nbsp;do przecinania p\u0142ytek ceramicznych,<\/p>\n\n\n\n<p>&#8211; \u015bciernice do przecinania i szlifowania stali: nierdzewnych i \nkwasoodpornych, stopowych, w\u0119glowych (z elektrokorund\u00f3w, D = 50 &#8211; 400 \nmm, grubo\u015b\u0107 T: do ci\u0119cia 2 &#8211; 4 mm, do szlifowania 4 &#8211; 10 mm, otwory H = \n22,23 mm i 32 mm &#8211; te ostatnie dla D = 300 &#8211; 400 mm),<\/p>\n\n\n\n<p>&#8211; \u015bciernice do przecinania i szlifowania betonu i kamienia, staliwa, \u017celiwa oraz stop\u00f3w aluminiowych i metali kolorowych (z w\u0119glika krzemu (98C), D = 50 &#8211; 400 mm, grubo\u015b\u0107 T: do ci\u0119cia 2 &#8211; 4 mm, do szlifowania 4 &#8211; 10 mm, otwory H = 22,23 mm i 32 mm &#8211; te ostatnie dla D = 300 &#8211; 400 mm).<\/p>\n\n\n\n<figure class=\"wp-block-image\"><img loading=\"lazy\" decoding=\"async\" width=\"960\" height=\"600\" src=\"https:\/\/polflex.eu\/wp-content\/uploads\/2018\/12\/1BF.jpg\" alt=\"\" class=\"wp-image-52\" srcset=\"https:\/\/polflex.eu\/wp-content\/uploads\/2018\/12\/1BF.jpg 960w, https:\/\/polflex.eu\/wp-content\/uploads\/2018\/12\/1BF-300x188.jpg 300w, https:\/\/polflex.eu\/wp-content\/uploads\/2018\/12\/1BF-768x480.jpg 768w\" sizes=\"auto, (max-width: 706px) 89vw, (max-width: 767px) 82vw, 740px\" \/><\/figure>\n\n\n\n<figure class=\"wp-block-image\"><img loading=\"lazy\" decoding=\"async\" width=\"960\" height=\"600\" src=\"https:\/\/polflex.eu\/wp-content\/uploads\/2018\/12\/27BF.jpg\" alt=\"\" class=\"wp-image-54\" srcset=\"https:\/\/polflex.eu\/wp-content\/uploads\/2018\/12\/27BF.jpg 960w, https:\/\/polflex.eu\/wp-content\/uploads\/2018\/12\/27BF-300x188.jpg 300w, https:\/\/polflex.eu\/wp-content\/uploads\/2018\/12\/27BF-768x480.jpg 768w\" sizes=\"auto, (max-width: 706px) 89vw, (max-width: 767px) 82vw, 740px\" \/><\/figure>\n\n\n\n<p><strong>2. \u015aCIERNICE POLFLEX DO SZLIFOWANIA I OSTRZENIA<\/strong>, zale\u017cnie od przeznaczenia dziel\u0105ce si\u0119 na:<\/p>\n\n\n\n<p>&#8211; \u015bciernice p\u0142askie do szlifowania i ostrzenia&nbsp;og\u00f3lnego,&nbsp;o spoiwie \u017cywicznym (B) typu 1 z pr\u0119dko\u015bci\u0105 obwodow\u0105 do 50 m\/s, o \u015brednicach D od 50 do 300 mm i r\u00f3\u017cnych grubo\u015bciach T,<\/p>\n\n\n\n<figure class=\"wp-block-image\"><img loading=\"lazy\" decoding=\"async\" width=\"960\" height=\"600\" src=\"https:\/\/polflex.eu\/wp-content\/uploads\/2018\/12\/1B.jpg\" alt=\"\" class=\"wp-image-57\" srcset=\"https:\/\/polflex.eu\/wp-content\/uploads\/2018\/12\/1B.jpg 960w, https:\/\/polflex.eu\/wp-content\/uploads\/2018\/12\/1B-300x188.jpg 300w, https:\/\/polflex.eu\/wp-content\/uploads\/2018\/12\/1B-768x480.jpg 768w\" sizes=\"auto, (max-width: 706px) 89vw, (max-width: 767px) 82vw, 740px\" \/><\/figure>\n\n\n\n<p>&#8211; \u015bciernice p\u0142askie do ostrzenia tartacznych pi\u0142 do drewna: ta\u015bmowych, ramowych i tarczowych oraz innych pi\u0142 np. do metalu, z pr\u0119dko\u015bci\u0105 do 50 m\/s i 63 m\/s przy u\u017cyciu specjalistycznych ostrzarek,o spoiwie \u017cywicznym (B) typu 1 i 1C, o \u015brednicach D od 50 do 350 mm i r\u00f3\u017cnych grubo\u015bciach T,<\/p>\n\n\n\n<figure class=\"wp-block-image\"><img loading=\"lazy\" decoding=\"async\" width=\"960\" height=\"600\" src=\"https:\/\/polflex.eu\/wp-content\/uploads\/2018\/12\/1CB.jpg\" alt=\"\" class=\"wp-image-58\" srcset=\"https:\/\/polflex.eu\/wp-content\/uploads\/2018\/12\/1CB.jpg 960w, https:\/\/polflex.eu\/wp-content\/uploads\/2018\/12\/1CB-300x188.jpg 300w, https:\/\/polflex.eu\/wp-content\/uploads\/2018\/12\/1CB-768x480.jpg 768w\" sizes=\"auto, (max-width: 706px) 89vw, (max-width: 767px) 82vw, 740px\" \/><\/figure>\n\n\n\n<p>&#8211; <strong>\u015bciernice p\u0142askie typu 1 do ostrzenia \u0142a\u0144cuch\u00f3w pilarek do drewna<\/strong>,<\/p>\n\n\n\n<p>&#8211; <strong>\u015bciernice do ostrzenia no\u017cy r\u0119bak\u00f3w do drewna<\/strong>,&nbsp;garnkowe walcowe typ 6 o wymiarach 125x63x32<\/p>\n\n\n\n<figure class=\"wp-block-image\"><img loading=\"lazy\" decoding=\"async\" width=\"960\" height=\"600\" src=\"https:\/\/polflex.eu\/wp-content\/uploads\/2018\/12\/6B.jpg\" alt=\"\" class=\"wp-image-59\" srcset=\"https:\/\/polflex.eu\/wp-content\/uploads\/2018\/12\/6B.jpg 960w, https:\/\/polflex.eu\/wp-content\/uploads\/2018\/12\/6B-300x188.jpg 300w, https:\/\/polflex.eu\/wp-content\/uploads\/2018\/12\/6B-768x480.jpg 768w\" sizes=\"auto, (max-width: 706px) 89vw, (max-width: 767px) 82vw, 740px\" \/><\/figure>\n\n\n\n<p>&#8211; grubo\u015bcienne \u015bciernice garnkowe walcowe i sto\u017ckowe do wyr\u00f3wnywania p\u0142aszczyzn r\u00f3\u017cnych materia\u0142\u00f3w (metali lub betonu) r\u0119cznymi szlifierkami k\u0105towymi z pr\u0119dko\u015bci\u0105 obwodow\u0105 do 50 m\/s,&nbsp;o spoiwie \u017cywicznym (B), typu 6 i 11, o \u015brednicach D = 60, 80, 100 i 125 mm,<\/p>\n\n\n\n<figure class=\"wp-block-image\"><img loading=\"lazy\" decoding=\"async\" width=\"960\" height=\"600\" src=\"https:\/\/polflex.eu\/wp-content\/uploads\/2018\/12\/11B.jpg\" alt=\"\" class=\"wp-image-61\" srcset=\"https:\/\/polflex.eu\/wp-content\/uploads\/2018\/12\/11B.jpg 960w, https:\/\/polflex.eu\/wp-content\/uploads\/2018\/12\/11B-300x188.jpg 300w, https:\/\/polflex.eu\/wp-content\/uploads\/2018\/12\/11B-768x480.jpg 768w\" sizes=\"auto, (max-width: 706px) 89vw, (max-width: 767px) 82vw, 740px\" \/><\/figure>\n\n\n\n<p>&#8211; \u015bciernice do ostrzenia narz\u0119dzi i szlifowania p\u0142aszczyzn z pr\u0119dko\u015bci\u0105 obwodow\u0105 do 40 m\/s,&nbsp;o spoiwie \u017cywicznym(B): garnkowe walcowe typu 6 (<strong>szczeg\u00f3lnie do szlifowania zgrzew\u00f3w pi\u0142 ta\u015bmowych<\/strong>), garnkowe sto\u017ckowe typu 11, o \u015brednicach D = 60, 80, 100 i 125 mm.<\/p>\n\n\n\n<p><strong>3. WYKONUJEMY REGENERACJ\u0118 ELEMENT\u00d3W \u015aCIERNYCH OBIERACZEK DO ZIEMNIAK\u00d3W I WARZYW.<\/strong><\/p>\n\n\n\n<p><strong>4. \u015aCIERNICE POLFLEX P\u0141ASKIE <\/strong>(typ 41) do maszynowego nacinania i przecinania precyzyjnego, w tym tak\u017ce o wykonaniu specjalnym do przecinania pr\u00f3bek metalograficznych,&nbsp;o spoiwie \u017cywicznym (B), niewzmocnione. \u015aciernice te, przeznaczone do pracy z dopuszczaln\u0105 pr\u0119dko\u015bci\u0105 obwodow\u0105 do 63 m\/s, s\u0105 wykonywane dla \u015brednic D od 40 do 350 mm.<\/p>\n\n\n\n<figure class=\"wp-block-image\"><img loading=\"lazy\" decoding=\"async\" width=\"960\" height=\"600\" src=\"https:\/\/polflex.eu\/wp-content\/uploads\/2018\/12\/41B.jpg\" alt=\"\" class=\"wp-image-63\" srcset=\"https:\/\/polflex.eu\/wp-content\/uploads\/2018\/12\/41B.jpg 960w, https:\/\/polflex.eu\/wp-content\/uploads\/2018\/12\/41B-300x188.jpg 300w, https:\/\/polflex.eu\/wp-content\/uploads\/2018\/12\/41B-768x480.jpg 768w\" sizes=\"auto, (max-width: 706px) 89vw, (max-width: 767px) 82vw, 740px\" \/><\/figure>\n\n\n\n<p>Otwory H w zale\u017cno\u015bci od \u015brednicy D: dla\n ma\u0142ych \u015brednic D do 125 mm, H = 5 &#8211; 20 mm; &nbsp; dla \u015brednic D = 150, 175 i\n 200 mm, H = 20 i 32 mm; &nbsp; dla \u015brednic D = 250 &#8211; 350 mm, H = 32 mm.<\/p>\n\n\n\n<p>Grubo\u015bci minimalne T<sub>min<\/sub> zale\u017c\u0105 od \u015brednicy D, np. dla D = 100 mm grubo\u015b\u0107 T<sub>min<\/sub> = 0,4 mm; &nbsp;dla D = 125 mm, T<sub>min<\/sub> = 0,5 mm; &nbsp; dla D = 150 mm, T<sub>min<\/sub> = 0,6 mm; &nbsp; dla D = 200 mm, T<sub>min<\/sub> = 1,0 mm; &nbsp;dla D = 250 mm, T<sub>min<\/sub> = 1,4 mm; &nbsp; dla D = 300 mm, T<sub>min<\/sub> = 2,0 mm; &nbsp; &nbsp; &nbsp; &nbsp;&nbsp; dla D = 350 mm, T<sub>min<\/sub> = 2,5 mm.<\/p>\n\n\n\n<ul class=\"wp-block-list\"><li class=\"\"><a href=\"http:\/\/polflex.com.pl\/images\/gal3\/9.jpg\" class=\"\"><\/a><\/li><\/ul>\n","protected":false},"excerpt":{"rendered":"<p>Produkujemy wiele rodzaj\u00f3w \u015bciernic o spoiwie \u017cywicznym, pocz\u0105wszy od popularnych, sko\u0144czywszy na \u015bciernicach do zastosowa\u0144 specjalnych. 1. \u015aCIERNICE POLFLEX WZMOCNIONE TKANIN\u0104 Z W\u0141\u00d3KNA SZKLANEGO (spoiwo BF), przeznaczone do pracy z dopuszczaln\u0105 pr\u0119dko\u015bci\u0105 obwodow\u0105 80 m\/s, stanowi\u0105ce zale\u017cnie od wielko\u015bci i przeznaczenia wyposa\u017cenie r\u0119cznych szlifierek k\u0105towych lub przecinarek i szlifierek stacjonarnych. NOWO\u015a\u0106: supercienkie \u015bciernice diamentowe 1A1R &hellip; <\/p>\n<p class=\"link-more\"><a href=\"https:\/\/polflex.eu\/?page_id=17\" class=\"more-link\">Czytaj dalej<span class=\"screen-reader-text\"> Produkty<\/span><\/a><\/p>\n","protected":false},"author":1,"featured_media":0,"parent":0,"menu_order":0,"comment_status":"closed","ping_status":"closed","template":"","meta":{"footnotes":""},"class_list":["post-17","page","type-page","status-publish","hentry"],"_links":{"self":[{"href":"https:\/\/polflex.eu\/index.php?rest_route=\/wp\/v2\/pages\/17","targetHints":{"allow":["GET"]}}],"collection":[{"href":"https:\/\/polflex.eu\/index.php?rest_route=\/wp\/v2\/pages"}],"about":[{"href":"https:\/\/polflex.eu\/index.php?rest_route=\/wp\/v2\/types\/page"}],"author":[{"embeddable":true,"href":"https:\/\/polflex.eu\/index.php?rest_route=\/wp\/v2\/users\/1"}],"replies":[{"embeddable":true,"href":"https:\/\/polflex.eu\/index.php?rest_route=%2Fwp%2Fv2%2Fcomments&post=17"}],"version-history":[{"count":9,"href":"https:\/\/polflex.eu\/index.php?rest_route=\/wp\/v2\/pages\/17\/revisions"}],"predecessor-version":[{"id":65,"href":"https:\/\/polflex.eu\/index.php?rest_route=\/wp\/v2\/pages\/17\/revisions\/65"}],"wp:attachment":[{"href":"https:\/\/polflex.eu\/index.php?rest_route=%2Fwp%2Fv2%2Fmedia&parent=17"}],"curies":[{"name":"wp","href":"https:\/\/api.w.org\/{rel}","templated":true}]}}